{"id":591,"date":"2026-01-13T19:56:25","date_gmt":"2026-01-13T19:56:25","guid":{"rendered":"https:\/\/www.abe.librairieanciennedecluny.fr\/?page_id=591"},"modified":"2026-01-19T21:33:05","modified_gmt":"2026-01-19T21:33:05","slug":"nous-contacter","status":"publish","type":"page","link":"https:\/\/www.abe.librairieanciennedecluny.fr\/index.php\/nous-contacter\/","title":{"rendered":"Nous contacter"},"content":{"rendered":"\t\t<div data-elementor-type=\"wp-page\" data-elementor-id=\"591\" class=\"elementor elementor-591\" data-elementor-post-type=\"page\">\n\t\t\t\t<div class=\"elementor-element elementor-element-94b0310 e-flex e-con-boxed e-con e-parent\" data-id=\"94b0310\" data-element_type=\"container\" data-e-type=\"container\">\n\t\t\t\t\t<div class=\"e-con-inner\">\n\t\t\t\t<div class=\"elementor-element elementor-element-7d13ad1 elementor-widget elementor-widget-menu-anchor\" data-id=\"7d13ad1\" data-element_type=\"widget\" data-e-type=\"widget\" data-widget_type=\"menu-anchor.default\">\n\t\t\t\t\t\t\t<div class=\"elementor-menu-anchor\" id=\"Ventes-souhaitez-integrer\"><\/div>\n\t\t\t\t\t\t<\/div>\n\t\t\t\t<div class=\"elementor-element elementor-element-420b6fd elementor-widget elementor-widget-heading\" data-id=\"420b6fd\" data-element_type=\"widget\" data-e-type=\"widget\" data-widget_type=\"heading.default\">\n\t\t\t\t\t<h2 class=\"elementor-heading-title elementor-size-default\">Vous souhaitez int\u00e9grer une de nos ventes<\/h2>\t\t\t\t<\/div>\n\t\t\t\t\t<\/div>\n\t\t\t\t<\/div>\n\t\t<div class=\"elementor-element elementor-element-90a0b88 e-flex e-con-boxed e-con e-parent\" data-id=\"90a0b88\" data-element_type=\"container\" data-e-type=\"container\">\n\t\t\t\t\t<div class=\"e-con-inner\">\n\t\t<div class=\"elementor-element elementor-element-0300f15 e-con-full e-flex e-con e-child\" data-id=\"0300f15\" data-element_type=\"container\" data-e-type=\"container\">\n\t\t\t\t<div class=\"elementor-element elementor-element-a367a5e elementor-widget elementor-widget-image\" data-id=\"a367a5e\" data-element_type=\"widget\" data-e-type=\"widget\" data-widget_type=\"image.default\">\n\t\t\t\t\t\t\t\t\t\t\t\t\t\t\t<img fetchpriority=\"high\" decoding=\"async\" width=\"612\" height=\"625\" src=\"https:\/\/www.abe.librairieanciennedecluny.fr\/wp-content\/uploads\/2026\/01\/Logo-Librairie-Ancienne-de-Cluny.png\" class=\"attachment-large size-large wp-image-858\" alt=\"\" srcset=\"https:\/\/www.abe.librairieanciennedecluny.fr\/wp-content\/uploads\/2026\/01\/Logo-Librairie-Ancienne-de-Cluny.png 612w, https:\/\/www.abe.librairieanciennedecluny.fr\/wp-content\/uploads\/2026\/01\/Logo-Librairie-Ancienne-de-Cluny-294x300.png 294w\" sizes=\"(max-width: 612px) 100vw, 612px\" \/>\t\t\t\t\t\t\t\t\t\t\t\t\t\t\t<\/div>\n\t\t\t\t<\/div>\n\t\t<div class=\"elementor-element elementor-element-9ab4201 e-con-full e-flex e-con e-child\" data-id=\"9ab4201\" data-element_type=\"container\" data-e-type=\"container\">\n\t\t\t\t<div class=\"elementor-element elementor-element-e068c13 elementor-widget elementor-widget-heading\" data-id=\"e068c13\" data-element_type=\"widget\" data-e-type=\"widget\" data-widget_type=\"heading.default\">\n\t\t\t\t\t<h2 class=\"elementor-heading-title elementor-size-default\">Contactez-nous<\/h2>\t\t\t\t<\/div>\n\t\t\t\t<div class=\"elementor-element elementor-element-7a9cfbf elementor-widget elementor-widget-text-editor\" data-id=\"7a9cfbf\" data-element_type=\"widget\" data-e-type=\"widget\" data-widget_type=\"text-editor.default\">\n\t\t\t\t\t\t\t\t\t<p>N&rsquo;h\u00e9sitez pas \u00e0 prendre contact avec nous au :\u00a0<\/p><p><strong>06 28 01 24 81<\/strong><\/p>\t\t\t\t\t\t\t\t<\/div>\n\t\t\t\t<div class=\"elementor-element elementor-element-1ce7daf elementor-widget elementor-widget-heading\" data-id=\"1ce7daf\" data-element_type=\"widget\" data-e-type=\"widget\" data-widget_type=\"heading.default\">\n\t\t\t\t\t<h2 class=\"elementor-heading-title elementor-size-default\">Rencontrez nous<\/h2>\t\t\t\t<\/div>\n\t\t\t\t<div class=\"elementor-element elementor-element-a540d1d elementor-widget elementor-widget-text-editor\" data-id=\"a540d1d\" data-element_type=\"widget\" data-e-type=\"widget\" data-widget_type=\"text-editor.default\">\n\t\t\t\t\t\t\t\t\t<p>Egalement pr\u00e9sent \u00e0 notre Librairie de Cluny, o\u00f9 vous pouvez nous retrouver..<\/p><p>Le site internet<strong> : <span style=\"text-decoration: underline;\"><em><span style=\"color: #993300;\"><a style=\"color: #993300; text-decoration: underline;\" href=\"https:\/\/www.librairieanciennedecluny.fr\/\">Librairie ancienne de Cluny &#8211; Librairie Ancienne de Cluny<\/a><\/span><\/em><\/span><\/strong><\/p>\t\t\t\t\t\t\t\t<\/div>\n\t\t\t\t<\/div>\n\t\t\t\t\t<\/div>\n\t\t\t\t<\/div>\n\t\t<div class=\"elementor-element elementor-element-d5fa7f5 e-flex e-con-boxed e-con e-parent\" data-id=\"d5fa7f5\" data-element_type=\"container\" data-e-type=\"container\">\n\t\t\t\t\t<div class=\"e-con-inner\">\n\t\t\t\t<div class=\"elementor-element elementor-element-fcfd869 elementor-widget elementor-widget-heading\" data-id=\"fcfd869\" data-element_type=\"widget\" data-e-type=\"widget\" data-widget_type=\"heading.default\">\n\t\t\t\t\t<h2 class=\"elementor-heading-title elementor-size-default\">Comment nous proc\u00e9dons<\/h2>\t\t\t\t<\/div>\n\t\t\t\t\t<\/div>\n\t\t\t\t<\/div>\n\t\t<div class=\"elementor-element elementor-element-81d790e e-flex e-con-boxed e-con e-parent\" data-id=\"81d790e\" data-element_type=\"container\" data-e-type=\"container\">\n\t\t\t\t\t<div class=\"e-con-inner\">\n\t\t<div class=\"elementor-element elementor-element-f62d369 e-con-full e-flex e-con e-child\" data-id=\"f62d369\" data-element_type=\"container\" data-e-type=\"container\">\n\t\t\t\t<div class=\"elementor-element elementor-element-05e65d1 elementor-widget elementor-widget-heading\" data-id=\"05e65d1\" data-element_type=\"widget\" data-e-type=\"widget\" data-widget_type=\"heading.default\">\n\t\t\t\t\t<h3 class=\"elementor-heading-title elementor-size-default\">Rendez-vous et estimation\u200b<\/h3>\t\t\t\t<\/div>\n\t\t\t\t<\/div>\n\t\t<div class=\"elementor-element elementor-element-bec54d9 e-con-full e-flex e-con e-child\" data-id=\"bec54d9\" data-element_type=\"container\" data-e-type=\"container\">\n\t\t\t\t<div class=\"elementor-element elementor-element-d5a8566 elementor-widget elementor-widget-heading\" data-id=\"d5a8566\" data-element_type=\"widget\" data-e-type=\"widget\" data-widget_type=\"heading.default\">\n\t\t\t\t\t<h3 class=\"elementor-heading-title elementor-size-default\">R\u00e9cup\u00e9ration des ouvrages<\/h3>\t\t\t\t<\/div>\n\t\t\t\t<\/div>\n\t\t<div class=\"elementor-element elementor-element-9bebf3a e-con-full e-flex e-con e-child\" data-id=\"9bebf3a\" data-element_type=\"container\" data-e-type=\"container\">\n\t\t\t\t<div class=\"elementor-element elementor-element-044b71c elementor-widget elementor-widget-heading\" data-id=\"044b71c\" data-element_type=\"widget\" data-e-type=\"widget\" data-widget_type=\"heading.default\">\n\t\t\t\t\t<h3 class=\"elementor-heading-title elementor-size-default\">Int\u00e9gration dans une vente\u200b<\/h3>\t\t\t\t<\/div>\n\t\t\t\t<\/div>\n\t\t<div class=\"elementor-element elementor-element-89208f5 e-con-full e-flex e-con e-child\" data-id=\"89208f5\" data-element_type=\"container\" data-e-type=\"container\">\n\t\t<div class=\"elementor-element elementor-element-898c8ef e-con-full e-flex e-con e-child\" data-id=\"898c8ef\" data-element_type=\"container\" data-e-type=\"container\">\n\t\t\t\t<div class=\"elementor-element elementor-element-590e966 elementor-widget elementor-widget-image\" data-id=\"590e966\" data-element_type=\"widget\" data-e-type=\"widget\" data-widget_type=\"image.default\">\n\t\t\t\t\t\t\t\t\t\t\t\t\t\t\t<img decoding=\"async\" width=\"800\" height=\"424\" src=\"https:\/\/www.abe.librairieanciennedecluny.fr\/wp-content\/uploads\/2025\/11\/livres-boutique-11.jpg\" class=\"attachment-large size-large wp-image-80\" alt=\"\" srcset=\"https:\/\/www.abe.librairieanciennedecluny.fr\/wp-content\/uploads\/2025\/11\/livres-boutique-11.jpg 800w, https:\/\/www.abe.librairieanciennedecluny.fr\/wp-content\/uploads\/2025\/11\/livres-boutique-11-300x159.jpg 300w, https:\/\/www.abe.librairieanciennedecluny.fr\/wp-content\/uploads\/2025\/11\/livres-boutique-11-768x407.jpg 768w\" sizes=\"(max-width: 800px) 100vw, 800px\" \/>\t\t\t\t\t\t\t\t\t\t\t\t\t\t\t<\/div>\n\t\t<div class=\"elementor-element elementor-element-07f3b8a e-con-full e-flex e-con e-child\" data-id=\"07f3b8a\" data-element_type=\"container\" data-e-type=\"container\">\n\t\t\t\t<div class=\"elementor-element elementor-element-a25813f elementor-widget elementor-widget-text-editor\" data-id=\"a25813f\" data-element_type=\"widget\" data-e-type=\"widget\" data-widget_type=\"text-editor.default\">\n\t\t\t\t\t\t\t\t\t<p>Lorem ipsum dolor sit amet, consectetur adipiscing elit. Ut elit tellus, luctus nec ullamcorper mattis, pulvinar dapibus leo.<\/p>\t\t\t\t\t\t\t\t<\/div>\n\t\t\t\t<\/div>\n\t\t\t\t<\/div>\n\t\t\t\t<\/div>\n\t\t<div class=\"elementor-element elementor-element-96b3c50 e-con-full e-flex e-con e-child\" data-id=\"96b3c50\" data-element_type=\"container\" data-e-type=\"container\">\n\t\t<div class=\"elementor-element elementor-element-0113f18 e-con-full e-flex e-con e-child\" data-id=\"0113f18\" data-element_type=\"container\" data-e-type=\"container\">\n\t\t\t\t<div class=\"elementor-element elementor-element-73ebdfc elementor-widget elementor-widget-image\" data-id=\"73ebdfc\" data-element_type=\"widget\" data-e-type=\"widget\" data-widget_type=\"image.default\">\n\t\t\t\t\t\t\t\t\t\t\t\t\t\t\t<img decoding=\"async\" width=\"1024\" height=\"576\" src=\"https:\/\/www.abe.librairieanciennedecluny.fr\/wp-content\/uploads\/2026\/01\/natalia-y-f5xddISq428-unsplash-1024x576.jpg\" class=\"attachment-large size-large wp-image-755\" alt=\"\" srcset=\"https:\/\/www.abe.librairieanciennedecluny.fr\/wp-content\/uploads\/2026\/01\/natalia-y-f5xddISq428-unsplash-1024x576.jpg 1024w, https:\/\/www.abe.librairieanciennedecluny.fr\/wp-content\/uploads\/2026\/01\/natalia-y-f5xddISq428-unsplash-300x169.jpg 300w, https:\/\/www.abe.librairieanciennedecluny.fr\/wp-content\/uploads\/2026\/01\/natalia-y-f5xddISq428-unsplash-768x432.jpg 768w, https:\/\/www.abe.librairieanciennedecluny.fr\/wp-content\/uploads\/2026\/01\/natalia-y-f5xddISq428-unsplash-1536x864.jpg 1536w, https:\/\/www.abe.librairieanciennedecluny.fr\/wp-content\/uploads\/2026\/01\/natalia-y-f5xddISq428-unsplash-2048x1152.jpg 2048w\" sizes=\"(max-width: 1024px) 100vw, 1024px\" \/>\t\t\t\t\t\t\t\t\t\t\t\t\t\t\t<\/div>\n\t\t<div class=\"elementor-element elementor-element-92fd7d2 e-con-full e-flex e-con e-child\" data-id=\"92fd7d2\" data-element_type=\"container\" data-e-type=\"container\">\n\t\t\t\t<div class=\"elementor-element elementor-element-aca2b37 elementor-widget elementor-widget-text-editor\" data-id=\"aca2b37\" data-element_type=\"widget\" data-e-type=\"widget\" data-widget_type=\"text-editor.default\">\n\t\t\t\t\t\t\t\t\t<p>Lorem ipsum dolor sit amet, consectetur adipiscing elit. Ut elit tellus, luctus nec ullamcorper mattis, pulvinar dapibus leo.<\/p>\t\t\t\t\t\t\t\t<\/div>\n\t\t\t\t<\/div>\n\t\t\t\t<\/div>\n\t\t\t\t<\/div>\n\t\t<div class=\"elementor-element elementor-element-bb64814 e-con-full e-flex e-con e-child\" data-id=\"bb64814\" data-element_type=\"container\" data-e-type=\"container\">\n\t\t<div class=\"elementor-element elementor-element-4ba5c5f e-con-full e-flex e-con e-child\" data-id=\"4ba5c5f\" data-element_type=\"container\" data-e-type=\"container\">\n\t\t\t\t<div class=\"elementor-element elementor-element-3cab804 elementor-widget elementor-widget-image\" data-id=\"3cab804\" data-element_type=\"widget\" data-e-type=\"widget\" data-widget_type=\"image.default\">\n\t\t\t\t\t\t\t\t\t\t\t\t\t\t\t<img loading=\"lazy\" decoding=\"async\" width=\"1024\" height=\"682\" src=\"https:\/\/www.abe.librairieanciennedecluny.fr\/wp-content\/uploads\/2026\/01\/istockphoto-1306102395-1024x1024-1.jpg\" class=\"attachment-large size-large wp-image-756\" alt=\"\" srcset=\"https:\/\/www.abe.librairieanciennedecluny.fr\/wp-content\/uploads\/2026\/01\/istockphoto-1306102395-1024x1024-1.jpg 1024w, https:\/\/www.abe.librairieanciennedecluny.fr\/wp-content\/uploads\/2026\/01\/istockphoto-1306102395-1024x1024-1-300x200.jpg 300w, https:\/\/www.abe.librairieanciennedecluny.fr\/wp-content\/uploads\/2026\/01\/istockphoto-1306102395-1024x1024-1-768x512.jpg 768w\" sizes=\"(max-width: 1024px) 100vw, 1024px\" \/>\t\t\t\t\t\t\t\t\t\t\t\t\t\t\t<\/div>\n\t\t<div class=\"elementor-element elementor-element-7ace1fd e-con-full e-flex e-con e-child\" data-id=\"7ace1fd\" data-element_type=\"container\" data-e-type=\"container\">\n\t\t\t\t<div class=\"elementor-element elementor-element-fc1816a elementor-widget elementor-widget-text-editor\" data-id=\"fc1816a\" data-element_type=\"widget\" data-e-type=\"widget\" data-widget_type=\"text-editor.default\">\n\t\t\t\t\t\t\t\t\t<p>Lorem ipsum dolor sit amet, consectetur adipiscing elit. Ut elit tellus, luctus nec ullamcorper mattis, pulvinar dapibus leo.<\/p>\t\t\t\t\t\t\t\t<\/div>\n\t\t\t\t<\/div>\n\t\t\t\t<\/div>\n\t\t\t\t<\/div>\n\t\t\t\t\t<\/div>\n\t\t\t\t<\/div>\n\t\t\t\t<\/div>\n\t\t","protected":false},"excerpt":{"rendered":"<p>Vous souhaitez int\u00e9grer une de nos ventes Contactez-nous N&rsquo;h\u00e9sitez pas \u00e0 prendre contact avec nous au :\u00a0 06 28 01 [&hellip;]<\/p>\n","protected":false},"author":1,"featured_media":0,"parent":0,"menu_order":0,"comment_status":"closed","ping_status":"closed","template":"","meta":{"_acf_changed":false,"site-sidebar-layout":"no-sidebar","site-content-layout":"","ast-site-content-layout":"full-width-container","site-content-style":"default","site-sidebar-style":"default","ast-global-header-display":"","ast-banner-title-visibility":"","ast-main-header-display":"","ast-hfb-above-header-display":"","ast-hfb-below-header-display":"","ast-hfb-mobile-header-display":"","site-post-title":"","ast-breadcrumbs-content":"","ast-featured-img":"disabled","footer-sml-layout":"","theme-transparent-header-meta":"","adv-header-id-meta":"","stick-header-meta":"","header-above-stick-meta":"","header-main-stick-meta":"","header-below-stick-meta":"","astra-migrate-meta-layouts":"default","ast-page-background-enabled":"default","ast-page-background-meta":{"desktop":{"background-color":"var(--ast-global-color-5)","background-image":"","background-repeat":"repeat","background-position":"center center","background-size":"auto","background-attachment":"scroll","background-type":"","background-media":"","overlay-type":"","overlay-color":"","overlay-opacity":"","overlay-gradient":""},"tablet":{"background-color":"","background-image":"","background-repeat":"repeat","background-position":"center center","background-size":"auto","background-attachment":"scroll","background-type":"","background-media":"","overlay-type":"","overlay-color":"","overlay-opacity":"","overlay-gradient":""},"mobile":{"background-color":"","background-image":"","background-repeat":"repeat","background-position":"center center","background-size":"auto","background-attachment":"scroll","background-type":"","background-media":"","overlay-type":"","overlay-color":"","overlay-opacity":"","overlay-gradient":""}},"ast-content-background-meta":{"desktop":{"background-color":"var(--ast-global-color-4)","background-image":"","background-repeat":"repeat","background-position":"center center","background-size":"auto","background-attachment":"scroll","background-type":"","background-media":"","overlay-type":"","overlay-color":"","overlay-opacity":"","overlay-gradient":""},"tablet":{"background-color":"var(--ast-global-color-4)","background-image":"","background-repeat":"repeat","background-position":"center center","background-size":"auto","background-attachment":"scroll","background-type":"","background-media":"","overlay-type":"","overlay-color":"","overlay-opacity":"","overlay-gradient":""},"mobile":{"background-color":"var(--ast-global-color-4)","background-image":"","background-repeat":"repeat","background-position":"center center","background-size":"auto","background-attachment":"scroll","background-type":"","background-media":"","overlay-type":"","overlay-color":"","overlay-opacity":"","overlay-gradient":""}},"footnotes":""},"class_list":["post-591","page","type-page","status-publish","hentry"],"acf":[],"_links":{"self":[{"href":"https:\/\/www.abe.librairieanciennedecluny.fr\/index.php\/wp-json\/wp\/v2\/pages\/591","targetHints":{"allow":["GET"]}}],"collection":[{"href":"https:\/\/www.abe.librairieanciennedecluny.fr\/index.php\/wp-json\/wp\/v2\/pages"}],"about":[{"href":"https:\/\/www.abe.librairieanciennedecluny.fr\/index.php\/wp-json\/wp\/v2\/types\/page"}],"author":[{"embeddable":true,"href":"https:\/\/www.abe.librairieanciennedecluny.fr\/index.php\/wp-json\/wp\/v2\/users\/1"}],"replies":[{"embeddable":true,"href":"https:\/\/www.abe.librairieanciennedecluny.fr\/index.php\/wp-json\/wp\/v2\/comments?post=591"}],"version-history":[{"count":19,"href":"https:\/\/www.abe.librairieanciennedecluny.fr\/index.php\/wp-json\/wp\/v2\/pages\/591\/revisions"}],"predecessor-version":[{"id":867,"href":"https:\/\/www.abe.librairieanciennedecluny.fr\/index.php\/wp-json\/wp\/v2\/pages\/591\/revisions\/867"}],"wp:attachment":[{"href":"https:\/\/www.abe.librairieanciennedecluny.fr\/index.php\/wp-json\/wp\/v2\/media?parent=591"}],"curies":[{"name":"wp","href":"https:\/\/api.w.org\/{rel}","templated":true}]}}