{"id":273,"date":"2026-01-10T20:55:58","date_gmt":"2026-01-10T20:55:58","guid":{"rendered":"https:\/\/www.abe.librairieanciennedecluny.fr\/?page_id=273"},"modified":"2026-01-10T21:11:24","modified_gmt":"2026-01-10T21:11:24","slug":"qui-sommes-nous","status":"publish","type":"page","link":"https:\/\/www.abe.librairieanciennedecluny.fr\/index.php\/qui-sommes-nous\/","title":{"rendered":"Qui sommes nous"},"content":{"rendered":"\t\t<div data-elementor-type=\"wp-page\" data-elementor-id=\"273\" class=\"elementor elementor-273\" data-elementor-post-type=\"page\">\n\t\t\t\t<div class=\"elementor-element elementor-element-71f60e4 e-flex e-con-boxed e-con e-parent\" data-id=\"71f60e4\" data-element_type=\"container\" data-e-type=\"container\">\n\t\t\t\t\t<div class=\"e-con-inner\">\n\t\t<div class=\"elementor-element elementor-element-55aed1d e-grid e-con-full e-con e-child\" data-id=\"55aed1d\" data-element_type=\"container\" data-e-type=\"container\">\n\t\t\t\t<div class=\"elementor-element elementor-element-796999c elementor-widget elementor-widget-image\" data-id=\"796999c\" data-element_type=\"widget\" data-e-type=\"widget\" data-widget_type=\"image.default\">\n\t\t\t\t\t\t\t\t\t\t\t\t\t\t\t<img decoding=\"async\" src=\"https:\/\/www.abe.librairieanciennedecluny.fr\/wp-content\/uploads\/2026\/01\/Amaury-Bonnetain.jpg\" title=\"Amaury Bonnetain\" alt=\"Amaury Bonnetain\" loading=\"lazy\" \/>\t\t\t\t\t\t\t\t\t\t\t\t\t\t\t<\/div>\n\t\t\t\t<div class=\"elementor-element elementor-element-7e13b3d elementor-widget elementor-widget-text-editor\" data-id=\"7e13b3d\" data-element_type=\"widget\" data-e-type=\"widget\" data-widget_type=\"text-editor.default\">\n\t\t\t\t\t\t\t\t\t<p>Fort d\u2019une\u00a0<strong>exp\u00e9rience de plus de 20 ans<\/strong>,\u00a0<strong>Amaury Bonnetain<\/strong>, bibliophile passionn\u00e9, tente de faire chaque jour du livre ancien et moderne un v\u00e9ritable plaisir pour les lecteurs.\u00a0<\/p><p>Depuis plus de 10 ans, nous travaillons pour expertiser, mettre en valeur et vendre les livres anciens, les \u00e9ditions rares et manuscrits.<\/p><p>Fort de nombreuses ann\u00e9es d\u2019exp\u00e9rience et de r\u00e9alisation de plus de catalogues de vente pour les expertises priv\u00e9es,\u00a0 et les ventes aux ench\u00e8res pour les \u00e9tudes de commissaires-priseurs.<\/p>\t\t\t\t\t\t\t\t<\/div>\n\t\t\t\t<\/div>\n\t\t\t\t\t<\/div>\n\t\t\t\t<\/div>\n\t\t\t\t<\/div>\n\t\t","protected":false},"excerpt":{"rendered":"<p>Fort d\u2019une\u00a0exp\u00e9rience de plus de 20 ans,\u00a0Amaury Bonnetain, bibliophile passionn\u00e9, tente de faire chaque jour du livre ancien et moderne [&hellip;]<\/p>\n","protected":false},"author":1,"featured_media":0,"parent":0,"menu_order":0,"comment_status":"closed","ping_status":"closed","template":"","meta":{"_acf_changed":false,"site-sidebar-layout":"no-sidebar","site-content-layout":"","ast-site-content-layout":"full-width-container","site-content-style":"default","site-sidebar-style":"default","ast-global-header-display":"","ast-banner-title-visibility":"","ast-main-header-display":"","ast-hfb-above-header-display":"","ast-hfb-below-header-display":"","ast-hfb-mobile-header-display":"","site-post-title":"","ast-breadcrumbs-content":"","ast-featured-img":"disabled","footer-sml-layout":"","theme-transparent-header-meta":"","adv-header-id-meta":"","stick-header-meta":"","header-above-stick-meta":"","header-main-stick-meta":"","header-below-stick-meta":"","astra-migrate-meta-layouts":"default","ast-page-background-enabled":"default","ast-page-background-meta":{"desktop":{"background-color":"var(--ast-global-color-5)","background-image":"","background-repeat":"repeat","background-position":"center center","background-size":"auto","background-attachment":"scroll","background-type":"","background-media":"","overlay-type":"","overlay-color":"","overlay-opacity":"","overlay-gradient":""},"tablet":{"background-color":"","background-image":"","background-repeat":"repeat","background-position":"center center","background-size":"auto","background-attachment":"scroll","background-type":"","background-media":"","overlay-type":"","overlay-color":"","overlay-opacity":"","overlay-gradient":""},"mobile":{"background-color":"","background-image":"","background-repeat":"repeat","background-position":"center center","background-size":"auto","background-attachment":"scroll","background-type":"","background-media":"","overlay-type":"","overlay-color":"","overlay-opacity":"","overlay-gradient":""}},"ast-content-background-meta":{"desktop":{"background-color":"var(--ast-global-color-4)","background-image":"","background-repeat":"repeat","background-position":"center center","background-size":"auto","background-attachment":"scroll","background-type":"","background-media":"","overlay-type":"","overlay-color":"","overlay-opacity":"","overlay-gradient":""},"tablet":{"background-color":"var(--ast-global-color-4)","background-image":"","background-repeat":"repeat","background-position":"center center","background-size":"auto","background-attachment":"scroll","background-type":"","background-media":"","overlay-type":"","overlay-color":"","overlay-opacity":"","overlay-gradient":""},"mobile":{"background-color":"var(--ast-global-color-4)","background-image":"","background-repeat":"repeat","background-position":"center center","background-size":"auto","background-attachment":"scroll","background-type":"","background-media":"","overlay-type":"","overlay-color":"","overlay-opacity":"","overlay-gradient":""}},"footnotes":""},"class_list":["post-273","page","type-page","status-publish","hentry"],"acf":[],"_links":{"self":[{"href":"https:\/\/www.abe.librairieanciennedecluny.fr\/index.php\/wp-json\/wp\/v2\/pages\/273","targetHints":{"allow":["GET"]}}],"collection":[{"href":"https:\/\/www.abe.librairieanciennedecluny.fr\/index.php\/wp-json\/wp\/v2\/pages"}],"about":[{"href":"https:\/\/www.abe.librairieanciennedecluny.fr\/index.php\/wp-json\/wp\/v2\/types\/page"}],"author":[{"embeddable":true,"href":"https:\/\/www.abe.librairieanciennedecluny.fr\/index.php\/wp-json\/wp\/v2\/users\/1"}],"replies":[{"embeddable":true,"href":"https:\/\/www.abe.librairieanciennedecluny.fr\/index.php\/wp-json\/wp\/v2\/comments?post=273"}],"version-history":[{"count":16,"href":"https:\/\/www.abe.librairieanciennedecluny.fr\/index.php\/wp-json\/wp\/v2\/pages\/273\/revisions"}],"predecessor-version":[{"id":295,"href":"https:\/\/www.abe.librairieanciennedecluny.fr\/index.php\/wp-json\/wp\/v2\/pages\/273\/revisions\/295"}],"wp:attachment":[{"href":"https:\/\/www.abe.librairieanciennedecluny.fr\/index.php\/wp-json\/wp\/v2\/media?parent=273"}],"curies":[{"name":"wp","href":"https:\/\/api.w.org\/{rel}","templated":true}]}}