{"id":265,"date":"2026-01-09T20:41:46","date_gmt":"2026-01-09T20:41:46","guid":{"rendered":"https:\/\/www.abe.librairieanciennedecluny.fr\/?page_id=265"},"modified":"2026-01-20T20:10:36","modified_gmt":"2026-01-20T20:10:36","slug":"pourquoi-nous","status":"publish","type":"page","link":"https:\/\/www.abe.librairieanciennedecluny.fr\/index.php\/pourquoi-nous\/","title":{"rendered":"Pourquoi nous"},"content":{"rendered":"\t\t<div data-elementor-type=\"wp-page\" data-elementor-id=\"265\" class=\"elementor elementor-265\" data-elementor-post-type=\"page\">\n\t\t\t\t<div class=\"elementor-element elementor-element-1fc1b5d e-flex e-con-boxed e-con e-parent\" data-id=\"1fc1b5d\" data-element_type=\"container\" data-e-type=\"container\">\n\t\t\t\t\t<div class=\"e-con-inner\">\n\t\t<div class=\"elementor-element elementor-element-3c976e7 e-con-full e-flex e-con e-child\" data-id=\"3c976e7\" data-element_type=\"container\" data-e-type=\"container\">\n\t\t\t\t<div class=\"elementor-element elementor-element-884667b e-transform elementor-widget elementor-widget-image\" data-id=\"884667b\" data-element_type=\"widget\" data-e-type=\"widget\" data-settings=\"{&quot;_transform_rotateZ_effect&quot;:{&quot;unit&quot;:&quot;px&quot;,&quot;size&quot;:&quot;&quot;,&quot;sizes&quot;:[]},&quot;_transform_rotateZ_effect_tablet&quot;:{&quot;unit&quot;:&quot;deg&quot;,&quot;size&quot;:&quot;&quot;,&quot;sizes&quot;:[]},&quot;_transform_rotateZ_effect_mobile&quot;:{&quot;unit&quot;:&quot;deg&quot;,&quot;size&quot;:&quot;&quot;,&quot;sizes&quot;:[]}}\" data-widget_type=\"image.default\">\n\t\t\t\t\t\t\t\t\t\t\t\t\t\t\t<img fetchpriority=\"high\" decoding=\"async\" width=\"200\" height=\"300\" src=\"https:\/\/www.abe.librairieanciennedecluny.fr\/wp-content\/uploads\/2026\/01\/Amaury-Bonnetain-200x300.jpg\" class=\"attachment-medium size-medium wp-image-278\" alt=\"\" srcset=\"https:\/\/www.abe.librairieanciennedecluny.fr\/wp-content\/uploads\/2026\/01\/Amaury-Bonnetain-200x300.jpg 200w, https:\/\/www.abe.librairieanciennedecluny.fr\/wp-content\/uploads\/2026\/01\/Amaury-Bonnetain-683x1024.jpg 683w, https:\/\/www.abe.librairieanciennedecluny.fr\/wp-content\/uploads\/2026\/01\/Amaury-Bonnetain-768x1152.jpg 768w, https:\/\/www.abe.librairieanciennedecluny.fr\/wp-content\/uploads\/2026\/01\/Amaury-Bonnetain.jpg 1024w\" sizes=\"(max-width: 200px) 100vw, 200px\" \/>\t\t\t\t\t\t\t\t\t\t\t\t\t\t\t<\/div>\n\t\t\t\t<\/div>\n\t\t<div class=\"elementor-element elementor-element-300cea2 e-con-full e-flex e-con e-child\" data-id=\"300cea2\" data-element_type=\"container\" data-e-type=\"container\">\n\t\t<div class=\"elementor-element elementor-element-cee762a e-con-full e-flex e-con e-child\" data-id=\"cee762a\" data-element_type=\"container\" data-e-type=\"container\">\n\t\t\t\t<div class=\"elementor-element elementor-element-adbbb36 elementor-widget elementor-widget-menu-anchor\" data-id=\"adbbb36\" data-element_type=\"widget\" data-e-type=\"widget\" data-widget_type=\"menu-anchor.default\">\n\t\t\t\t\t\t\t<div class=\"elementor-menu-anchor\" id=\"AB-Qui-sommes-nous-AB\"><\/div>\n\t\t\t\t\t\t<\/div>\n\t\t\t\t<div class=\"elementor-element elementor-element-c73d0f0 elementor-widget elementor-widget-heading\" data-id=\"c73d0f0\" data-element_type=\"widget\" data-e-type=\"widget\" data-widget_type=\"heading.default\">\n\t\t\t\t\t<h2 class=\"elementor-heading-title elementor-size-default\">Mes services et domaines de comp\u00e9tences<\/h2>\t\t\t\t<\/div>\n\t\t\t\t<div class=\"elementor-element elementor-element-0af27be elementor-widget elementor-widget-text-editor\" data-id=\"0af27be\" data-element_type=\"widget\" data-e-type=\"widget\" data-widget_type=\"text-editor.default\">\n\t\t\t\t\t\t\t\t\t<p align=\"justify\">Je mets mon expertise au service de la valorisation des livres anciens, modernes et des \u0153uvres sur papier. Gr\u00e2ce \u00e0 une connaissance approfondie du march\u00e9 et \u00e0 une collaboration \u00e9troite avec les salles de ventes, j\u2019assure \u00e0 mes clients un <strong data-start=\"238\" data-end=\"262\">interlocuteur unique<\/strong>, un <strong data-start=\"267\" data-end=\"289\">suivi personnalis\u00e9<\/strong> et une <strong data-start=\"297\" data-end=\"333\">mise en vente rapide et efficace<\/strong>. Mon exigence et mon exp\u00e9rience garantissent une expertise fiable et une valorisation optimale de chaque bien confi\u00e9.<\/p>\t\t\t\t\t\t\t\t<\/div>\n\t\t\t\t<\/div>\n\t\t\t\t<\/div>\n\t\t\t\t\t<\/div>\n\t\t\t\t<\/div>\n\t\t<div class=\"elementor-element elementor-element-86ff4d1 e-grid e-con-boxed e-con e-parent\" data-id=\"86ff4d1\" data-element_type=\"container\" data-e-type=\"container\">\n\t\t\t\t\t<div class=\"e-con-inner\">\n\t\t<div class=\"elementor-element elementor-element-fa0f040 e-con-full e-flex e-con e-child\" data-id=\"fa0f040\" data-element_type=\"container\" data-e-type=\"container\">\n\t\t\t\t<div class=\"elementor-element elementor-element-cf45769 elementor-widget elementor-widget-menu-anchor\" data-id=\"cf45769\" data-element_type=\"widget\" data-e-type=\"widget\" data-widget_type=\"menu-anchor.default\">\n\t\t\t\t\t\t\t<div class=\"elementor-menu-anchor\" id=\"AB-Qui-sommes-nous-pourquoi-nous\"><\/div>\n\t\t\t\t\t\t<\/div>\n\t\t\t\t<div class=\"elementor-element elementor-element-ff62ba4 elementor-widget elementor-widget-heading\" data-id=\"ff62ba4\" data-element_type=\"widget\" data-e-type=\"widget\" data-widget_type=\"heading.default\">\n\t\t\t\t\t<h2 class=\"elementor-heading-title elementor-size-default\">Pourquoi faire appel \u00e0 un expert et \u00e0 nos services<\/h2>\t\t\t\t<\/div>\n\t\t\t\t<div class=\"elementor-element elementor-element-9fde26c elementor-widget elementor-widget-text-editor\" data-id=\"9fde26c\" data-element_type=\"widget\" data-e-type=\"widget\" data-widget_type=\"text-editor.default\">\n\t\t\t\t\t\t\t\t\t<p align=\"justify\">Faire appel \u00e0 <strong data-start=\"54\" data-end=\"73\">notre expertise<\/strong>, c\u2019est choisir un accompagnement clair, efficace et s\u00e9curis\u00e9 \u00e0 chaque \u00e9tape de la mise en vente.<\/p>\n<p align=\"justify\">Nous assurons une <strong data-start=\"190\" data-end=\"254\">collaboration \u00e9troite entre le client et la salle des ventes<\/strong>, en jouant un r\u00f4le d\u2019interface essentiel pour d\u00e9fendre au mieux les int\u00e9r\u00eats de chacun. Vous b\u00e9n\u00e9ficiez ainsi d\u2019un <strong data-start=\"370\" data-end=\"394\">interlocuteur unique<\/strong>, parfaitement identifi\u00e9, qui coordonne l\u2019ensemble des d\u00e9marches.<\/p>\n<p align=\"justify\">Chaque dossier fait l\u2019objet d\u2019un <strong data-start=\"494\" data-end=\"516\">suivi personnalis\u00e9<\/strong>, avec des <strong data-start=\"527\" data-end=\"566\">d\u00e9placements et rendez-vous assur\u00e9s<\/strong> selon vos besoins. Un <strong data-start=\"589\" data-end=\"612\">interlocuteur d\u00e9di\u00e9<\/strong> reste \u00e0 votre \u00e9coute tout au long du processus, depuis l\u2019estimation jusqu\u2019\u00e0 l\u2019adjudication.<\/p>\n<p align=\"justify\">Enfin, notre organisation et notre connaissance du circuit des ventes permettent une <strong data-start=\"791\" data-end=\"828\">mise en vente rapide et optimis\u00e9e<\/strong>, dans les meilleures conditions de visibilit\u00e9 et de valorisation.<\/p>\t\t\t\t\t\t\t\t<\/div>\n\t\t\t\t<div class=\"elementor-element elementor-element-d906440 elementor-align-right elementor-widget elementor-widget-button\" data-id=\"d906440\" data-element_type=\"widget\" data-e-type=\"widget\" data-widget_type=\"button.default\">\n\t\t\t\t\t\t\t\t\t\t<a class=\"elementor-button elementor-button-link elementor-size-sm\" href=\"https:\/\/www.abe.librairieanciennedecluny.fr\/index.php\/ventes-aux-encheres\/\">\n\t\t\t\t\t\t<span class=\"elementor-button-content-wrapper\">\n\t\t\t\t\t\t\t\t\t<span class=\"elementor-button-text\">Plus d'informations ici<\/span>\n\t\t\t\t\t<\/span>\n\t\t\t\t\t<\/a>\n\t\t\t\t\t\t\t\t<\/div>\n\t\t\t\t<\/div>\n\t\t<div class=\"elementor-element elementor-element-7508e57 e-flex e-con-boxed e-con e-child\" data-id=\"7508e57\" data-element_type=\"container\" data-e-type=\"container\">\n\t\t\t\t\t<div class=\"e-con-inner\">\n\t\t\t\t<div class=\"elementor-element elementor-element-cddbce0 elementor-widget__width-inherit elementor-widget elementor-widget-image\" data-id=\"cddbce0\" data-element_type=\"widget\" data-e-type=\"widget\" data-widget_type=\"image.default\">\n\t\t\t\t\t\t\t\t\t\t\t\t\t\t\t<img decoding=\"async\" width=\"644\" height=\"335\" src=\"https:\/\/www.abe.librairieanciennedecluny.fr\/wp-content\/uploads\/2026\/01\/exemple-acution-01.jpg\" class=\"attachment-full size-full wp-image-218\" alt=\"\" srcset=\"https:\/\/www.abe.librairieanciennedecluny.fr\/wp-content\/uploads\/2026\/01\/exemple-acution-01.jpg 644w, https:\/\/www.abe.librairieanciennedecluny.fr\/wp-content\/uploads\/2026\/01\/exemple-acution-01-300x156.jpg 300w\" sizes=\"(max-width: 644px) 100vw, 644px\" \/>\t\t\t\t\t\t\t\t\t\t\t\t\t\t\t<\/div>\n\t\t\t\t\t<\/div>\n\t\t\t\t<\/div>\n\t\t\t\t\t<\/div>\n\t\t\t\t<\/div>\n\t\t<div class=\"elementor-element elementor-element-66416a5 e-flex e-con-boxed e-con e-parent\" data-id=\"66416a5\" data-element_type=\"container\" data-e-type=\"container\">\n\t\t\t\t\t<div class=\"e-con-inner\">\n\t\t\t\t<div class=\"elementor-element elementor-element-2558273 elementor-widget elementor-widget-heading\" data-id=\"2558273\" data-element_type=\"widget\" data-e-type=\"widget\" data-widget_type=\"heading.default\">\n\t\t\t\t\t<h2 class=\"elementor-heading-title elementor-size-default\">Nos prochaines ventes..<\/h2>\t\t\t\t<\/div>\n\t\t\t\t<div class=\"elementor-element elementor-element-e23d965 elementor-grid-3 elementor-grid-tablet-2 elementor-grid-mobile-1 elementor-posts--thumbnail-top elementor-card-shadow-yes elementor-posts__hover-gradient elementor-widget elementor-widget-posts\" data-id=\"e23d965\" data-element_type=\"widget\" data-e-type=\"widget\" data-settings=\"{&quot;cards_columns&quot;:&quot;3&quot;,&quot;cards_columns_tablet&quot;:&quot;2&quot;,&quot;cards_columns_mobile&quot;:&quot;1&quot;,&quot;cards_row_gap&quot;:{&quot;unit&quot;:&quot;px&quot;,&quot;size&quot;:35,&quot;sizes&quot;:[]},&quot;cards_row_gap_tablet&quot;:{&quot;unit&quot;:&quot;px&quot;,&quot;size&quot;:&quot;&quot;,&quot;sizes&quot;:[]},&quot;cards_row_gap_mobile&quot;:{&quot;unit&quot;:&quot;px&quot;,&quot;size&quot;:&quot;&quot;,&quot;sizes&quot;:[]}}\" data-widget_type=\"posts.cards\">\n\t\t\t\t<div class=\"elementor-widget-container\">\n\t\t\t\t\t\t\t<div class=\"elementor-posts-container elementor-posts elementor-posts--skin-cards elementor-grid\" role=\"list\">\n\t\t\t\t<article class=\"elementor-post elementor-grid-item post-959 post type-post status-publish format-standard has-post-thumbnail hentry category-prochaines-ventes-programmees\" role=\"listitem\">\n\t\t\t<div class=\"elementor-post__card\">\n\t\t\t\t<a class=\"elementor-post__thumbnail__link\" href=\"https:\/\/www.abe.librairieanciennedecluny.fr\/index.php\/2026\/01\/03\/vente-cataloguee-de-bandes-dessinees-livres-anciens-et-modernes-03-fevrier-2026\/\" tabindex=\"-1\" target=\"_blank\"><div class=\"elementor-post__thumbnail\"><img decoding=\"async\" width=\"202\" height=\"300\" src=\"https:\/\/www.abe.librairieanciennedecluny.fr\/wp-content\/uploads\/2026\/01\/VC_202602-1512-1-202x300.jpg\" class=\"attachment-medium size-medium wp-image-960\" alt=\"\" srcset=\"https:\/\/www.abe.librairieanciennedecluny.fr\/wp-content\/uploads\/2026\/01\/VC_202602-1512-1-202x300.jpg 202w, https:\/\/www.abe.librairieanciennedecluny.fr\/wp-content\/uploads\/2026\/01\/VC_202602-1512-1.jpg 300w\" sizes=\"(max-width: 202px) 100vw, 202px\" \/><\/div><\/a>\n\t\t\t\t<div class=\"elementor-post__badge\">Prochaines ventes programm\u00e9es<\/div>\n\t\t\t\t<div class=\"elementor-post__text\">\n\t\t\t\t<h3 class=\"elementor-post__title\">\n\t\t\t<a href=\"https:\/\/www.abe.librairieanciennedecluny.fr\/index.php\/2026\/01\/03\/vente-cataloguee-de-bandes-dessinees-livres-anciens-et-modernes-03-fevrier-2026\/\" target=&quot;_blank&quot;>\n\t\t\t\tVente catalogu\u00e9e de bandes dessin\u00e9es, livres anciens et modernes &#8211; 03 f\u00e9vrier 2026\t\t\t<\/a>\n\t\t<\/h3>\n\t\t\t\t<div class=\"elementor-post__excerpt\">\n\t\t\t<p>Livres anciens, livres modernes, photographies anciennes, gravures, affiches, cartes g\u00e9ographiques, cartes postales anciennes&#8230;. Alfred de Vigny, Ovide.. \u00a0 Vente en<\/p>\n\t\t<\/div>\n\t\t\t\t\t<div class=\"elementor-post__read-more-wrapper\">\n\t\t\n\t\t<a class=\"elementor-post__read-more\" href=\"https:\/\/www.abe.librairieanciennedecluny.fr\/index.php\/2026\/01\/03\/vente-cataloguee-de-bandes-dessinees-livres-anciens-et-modernes-03-fevrier-2026\/\" aria-label=\"En savoir plus sur Vente catalogu\u00e9e de bandes dessin\u00e9es, livres anciens et modernes &#8211; 03 f\u00e9vrier 2026\" tabindex=\"-1\" target=\"_blank\">\n\t\t\tLire la suite \u00bb\t\t<\/a>\n\n\t\t\t\t\t<\/div>\n\t\t\t\t<\/div>\n\t\t\t\t\t<\/div>\n\t\t<\/article>\n\t\t\t\t<article class=\"elementor-post elementor-grid-item post-1 post type-post status-publish format-standard has-post-thumbnail hentry category-prochaines-ventes-programmees\" role=\"listitem\">\n\t\t\t<div class=\"elementor-post__card\">\n\t\t\t\t<a class=\"elementor-post__thumbnail__link\" href=\"https:\/\/www.abe.librairieanciennedecluny.fr\/index.php\/2025\/12\/27\/hello-world\/\" tabindex=\"-1\" target=\"_blank\"><div class=\"elementor-post__thumbnail\"><img loading=\"lazy\" decoding=\"async\" width=\"212\" height=\"300\" src=\"https:\/\/www.abe.librairieanciennedecluny.fr\/wp-content\/uploads\/2025\/12\/VL_202601-67-212x300.jpg\" class=\"attachment-medium size-medium wp-image-925\" alt=\"\" srcset=\"https:\/\/www.abe.librairieanciennedecluny.fr\/wp-content\/uploads\/2025\/12\/VL_202601-67-212x300.jpg 212w, https:\/\/www.abe.librairieanciennedecluny.fr\/wp-content\/uploads\/2025\/12\/VL_202601-67.jpg 400w\" sizes=\"(max-width: 212px) 100vw, 212px\" \/><\/div><\/a>\n\t\t\t\t<div class=\"elementor-post__badge\">Prochaines ventes programm\u00e9es<\/div>\n\t\t\t\t<div class=\"elementor-post__text\">\n\t\t\t\t<h3 class=\"elementor-post__title\">\n\t\t\t<a href=\"https:\/\/www.abe.librairieanciennedecluny.fr\/index.php\/2025\/12\/27\/hello-world\/\" target=&quot;_blank&quot;>\n\t\t\t\tVente List\u00e9e de livres &#8211; 27 janvier 2026\t\t\t<\/a>\n\t\t<\/h3>\n\t\t\t\t<div class=\"elementor-post__excerpt\">\n\t\t\t<p>Livres anciens, livres modernes, photographies anciennes, gravures, affiches, cartes g\u00e9ographiques, cartes postales anciennes&#8230;. Alfred de Vigny, Ovide.. \u00a0 Vente en<\/p>\n\t\t<\/div>\n\t\t\t\t\t<div class=\"elementor-post__read-more-wrapper\">\n\t\t\n\t\t<a class=\"elementor-post__read-more\" href=\"https:\/\/www.abe.librairieanciennedecluny.fr\/index.php\/2025\/12\/27\/hello-world\/\" aria-label=\"En savoir plus sur Vente List\u00e9e de livres &#8211; 27 janvier 2026\" tabindex=\"-1\" target=\"_blank\">\n\t\t\tLire la suite \u00bb\t\t<\/a>\n\n\t\t\t\t\t<\/div>\n\t\t\t\t<\/div>\n\t\t\t\t\t<\/div>\n\t\t<\/article>\n\t\t\t\t<\/div>\n\t\t\n\t\t\t\t\t\t<\/div>\n\t\t\t\t<\/div>\n\t\t\t\t\t<\/div>\n\t\t\t\t<\/div>\n\t\t\t\t<\/div>\n\t\t","protected":false},"excerpt":{"rendered":"<p>Mes services et domaines de comp\u00e9tences Je mets mon expertise au service de la valorisation des livres anciens, modernes et [&hellip;]<\/p>\n","protected":false},"author":1,"featured_media":0,"parent":0,"menu_order":0,"comment_status":"closed","ping_status":"closed","template":"","meta":{"_acf_changed":false,"site-sidebar-layout":"default","site-content-layout":"","ast-site-content-layout":"default","site-content-style":"default","site-sidebar-style":"default","ast-global-header-display":"","ast-banner-title-visibility":"","ast-main-header-display":"","ast-hfb-above-header-display":"","ast-hfb-below-header-display":"","ast-hfb-mobile-header-display":"","site-post-title":"","ast-breadcrumbs-content":"","ast-featured-img":"","footer-sml-layout":"","theme-transparent-header-meta":"","adv-header-id-meta":"","stick-header-meta":"","header-above-stick-meta":"","header-main-stick-meta":"","header-below-stick-meta":"","astra-migrate-meta-layouts":"default","ast-page-background-enabled":"default","ast-page-background-meta":{"desktop":{"background-color":"var(--ast-global-color-5)","background-image":"","background-repeat":"repeat","background-position":"center center","background-size":"auto","background-attachment":"scroll","background-type":"","background-media":"","overlay-type":"","overlay-color":"","overlay-opacity":"","overlay-gradient":""},"tablet":{"background-color":"","background-image":"","background-repeat":"repeat","background-position":"center center","background-size":"auto","background-attachment":"scroll","background-type":"","background-media":"","overlay-type":"","overlay-color":"","overlay-opacity":"","overlay-gradient":""},"mobile":{"background-color":"","background-image":"","background-repeat":"repeat","background-position":"center center","background-size":"auto","background-attachment":"scroll","background-type":"","background-media":"","overlay-type":"","overlay-color":"","overlay-opacity":"","overlay-gradient":""}},"ast-content-background-meta":{"desktop":{"background-color":"var(--ast-global-color-4)","background-image":"","background-repeat":"repeat","background-position":"center center","background-size":"auto","background-attachment":"scroll","background-type":"","background-media":"","overlay-type":"","overlay-color":"","overlay-opacity":"","overlay-gradient":""},"tablet":{"background-color":"var(--ast-global-color-4)","background-image":"","background-repeat":"repeat","background-position":"center center","background-size":"auto","background-attachment":"scroll","background-type":"","background-media":"","overlay-type":"","overlay-color":"","overlay-opacity":"","overlay-gradient":""},"mobile":{"background-color":"var(--ast-global-color-4)","background-image":"","background-repeat":"repeat","background-position":"center center","background-size":"auto","background-attachment":"scroll","background-type":"","background-media":"","overlay-type":"","overlay-color":"","overlay-opacity":"","overlay-gradient":""}},"footnotes":""},"class_list":["post-265","page","type-page","status-publish","hentry"],"acf":[],"_links":{"self":[{"href":"https:\/\/www.abe.librairieanciennedecluny.fr\/index.php\/wp-json\/wp\/v2\/pages\/265","targetHints":{"allow":["GET"]}}],"collection":[{"href":"https:\/\/www.abe.librairieanciennedecluny.fr\/index.php\/wp-json\/wp\/v2\/pages"}],"about":[{"href":"https:\/\/www.abe.librairieanciennedecluny.fr\/index.php\/wp-json\/wp\/v2\/types\/page"}],"author":[{"embeddable":true,"href":"https:\/\/www.abe.librairieanciennedecluny.fr\/index.php\/wp-json\/wp\/v2\/users\/1"}],"replies":[{"embeddable":true,"href":"https:\/\/www.abe.librairieanciennedecluny.fr\/index.php\/wp-json\/wp\/v2\/comments?post=265"}],"version-history":[{"count":65,"href":"https:\/\/www.abe.librairieanciennedecluny.fr\/index.php\/wp-json\/wp\/v2\/pages\/265\/revisions"}],"predecessor-version":[{"id":883,"href":"https:\/\/www.abe.librairieanciennedecluny.fr\/index.php\/wp-json\/wp\/v2\/pages\/265\/revisions\/883"}],"wp:attachment":[{"href":"https:\/\/www.abe.librairieanciennedecluny.fr\/index.php\/wp-json\/wp\/v2\/media?parent=265"}],"curies":[{"name":"wp","href":"https:\/\/api.w.org\/{rel}","templated":true}]}}